{"id":87,"date":"2020-01-19T14:35:15","date_gmt":"2020-01-19T14:35:15","guid":{"rendered":"http:\/\/asimon-online.de\/?page_id=87"},"modified":"2020-10-18T12:05:46","modified_gmt":"2020-10-18T12:05:46","slug":"fortbildungen","status":"publish","type":"page","link":"https:\/\/asimon-online.de\/it\/fortbildungen","title":{"rendered":"Corsi di aggiornamento"},"content":{"rendered":"\n<figure class=\"wp-block-image size-large\"><img loading=\"lazy\" decoding=\"async\" width=\"1024\" height=\"263\" src=\"http:\/\/asimon-online.de\/wp-content\/uploads\/2020\/10\/Andrea_Simon_Workshops.jpg\" alt=\"Andrea Simon Berlin\" class=\"wp-image-300\" srcset=\"https:\/\/asimon-online.de\/wp-content\/uploads\/2020\/10\/Andrea_Simon_Workshops.jpg 1024w, https:\/\/asimon-online.de\/wp-content\/uploads\/2020\/10\/Andrea_Simon_Workshops-300x77.jpg 300w, https:\/\/asimon-online.de\/wp-content\/uploads\/2020\/10\/Andrea_Simon_Workshops-768x197.jpg 768w\" sizes=\"auto, (max-width: 1024px) 100vw, 1024px\" \/><\/figure>\n\n\n\n<p><strong>Corsi di aggiornamento<\/strong> e <strong>workshop<\/strong> sui seguenti argomenti:<\/p>\n\n\n\n<ul class=\"wp-block-list\"><li>Saper comunicare agli altri e condurre colloqui<\/li><li>Guidare e sviluppare gruppi di lavoro e team<\/li><li>Sviluppare la propria personalit\u00e0 di leader<\/li><li>Saper prendere una decisione, saper delegare<\/li><li>Saper usare la propria personalit\u00e0 in modo convincente; saper parlare in pubblico.<\/li><\/ul>\n\n\n\n<p>Creo i seminari in base alle Vostre esigenze specifiche (contenuti, dimensione del gruppo, durata). L\u2019 apprendimento dovr\u00e0 essere vivace e orientato ai risultati in gruppo, ove si trarr\u00e0 beneficio l&#8217;uno dall&#8217;altro. Il trasferimento di ci\u00f2 che s\u2019impara nel lavoro pratico \u00e8 un risultato importante dei corsi e workshop.<\/p>\n","protected":false},"excerpt":{"rendered":"<p>Corsi di aggiornamento e workshop sui seguenti argomenti: Saper comunicare agli altri e condurre colloqui Guidare e sviluppare gruppi di lavoro e team Sviluppare la propria personalit\u00e0 di leader Saper prendere una decisione, saper delegare Saper usare la propria personalit\u00e0<\/p>\n","protected":false},"author":1,"featured_media":0,"parent":0,"menu_order":40,"comment_status":"closed","ping_status":"closed","template":"","meta":{"footnotes":""},"class_list":["post-87","page","type-page","status-publish","hentry"],"translation":{"provider":"WPGlobus","version":"3.0.1","language":"it","enabled_languages":["de","it"],"languages":{"de":{"title":true,"content":true,"excerpt":false},"it":{"title":true,"content":true,"excerpt":false}}},"aioseo_notices":[],"_links":{"self":[{"href":"https:\/\/asimon-online.de\/it\/wp-json\/wp\/v2\/pages\/87","targetHints":{"allow":["GET"]}}],"collection":[{"href":"https:\/\/asimon-online.de\/it\/wp-json\/wp\/v2\/pages"}],"about":[{"href":"https:\/\/asimon-online.de\/it\/wp-json\/wp\/v2\/types\/page"}],"author":[{"embeddable":true,"href":"https:\/\/asimon-online.de\/it\/wp-json\/wp\/v2\/users\/1"}],"replies":[{"embeddable":true,"href":"https:\/\/asimon-online.de\/it\/wp-json\/wp\/v2\/comments?post=87"}],"version-history":[{"count":20,"href":"https:\/\/asimon-online.de\/it\/wp-json\/wp\/v2\/pages\/87\/revisions"}],"predecessor-version":[{"id":315,"href":"https:\/\/asimon-online.de\/it\/wp-json\/wp\/v2\/pages\/87\/revisions\/315"}],"wp:attachment":[{"href":"https:\/\/asimon-online.de\/it\/wp-json\/wp\/v2\/media?parent=87"}],"curies":[{"name":"wp","href":"https:\/\/api.w.org\/{rel}","templated":true}]}}