{"id":81,"date":"2020-04-19T14:27:36","date_gmt":"2020-04-19T14:27:36","guid":{"rendered":"http:\/\/asimon-online.de\/?page_id=81"},"modified":"2020-10-18T12:03:04","modified_gmt":"2020-10-18T12:03:04","slug":"supervision","status":"publish","type":"page","link":"https:\/\/asimon-online.de\/it\/supervision","title":{"rendered":"Supervisione\/ Consulenza"},"content":{"rendered":"\n<figure class=\"wp-block-image size-large\"><img loading=\"lazy\" decoding=\"async\" width=\"1024\" height=\"272\" src=\"http:\/\/asimon-online.de\/wp-content\/uploads\/2020\/10\/Andrea_Simon-Supervision.jpg\" alt=\"Andrea Simon Berlin\" class=\"wp-image-299\" srcset=\"https:\/\/asimon-online.de\/wp-content\/uploads\/2020\/10\/Andrea_Simon-Supervision.jpg 1024w, https:\/\/asimon-online.de\/wp-content\/uploads\/2020\/10\/Andrea_Simon-Supervision-300x80.jpg 300w, https:\/\/asimon-online.de\/wp-content\/uploads\/2020\/10\/Andrea_Simon-Supervision-768x204.jpg 768w\" sizes=\"auto, (max-width: 1024px) 100vw, 1024px\" \/><\/figure>\n\n\n\n<p><strong>La supervisione<\/strong> \u00e8 una forma di consulenza. Una metodologia con cui Voi &#8211; come gruppi\/ team &#8211; potete riflettere sulle Vostre sfide professionali, sui Vostri processi lavorativi, sulla Vostra disponibilit\u00e0 collaborare: per definire e sviluppare nuove prospettive, per trovare soluzioni e risposte, per scoprire le proprie risorse.<\/p>\n\n\n\n<p>In questo modo \u00e8 possibile migliorare la qualit\u00e0 del lavoro e ampliare la soddisfazione sul lavoro. Il mio approccio \u00e8 personalizzato in base alle Vostre esigenze individuali &#8211; se necessario dopo aver consultato il Vostro superiore.<\/p>\n\n\n\n<p><strong>Possibili tematiche<\/strong> per la supervisione:<\/p>\n\n\n\n<ul class=\"wp-block-list\"><li>Riflettere sui processi lavorativi<\/li><li>Affrontare nuove sfide<\/li><li>Identificare e gestire conflitti sul posto di lavoro<\/li><li>Coordinare i processi di lavoro<\/li><li>Chiarire la divisione dei compiti e delle responsabilit\u00e0<\/li><li>Migliorare la cooperazione<\/li><li>Utilizzare le competenze dei colleghi per ottimizzare i risultati del lavoro<\/li><\/ul>\n\n\n\n<p><\/p>\n","protected":false},"excerpt":{"rendered":"<p>La supervisione \u00e8 una forma di consulenza. Una metodologia con cui Voi &#8211; come gruppi\/ team &#8211; potete riflettere sulle Vostre sfide professionali, sui Vostri processi lavorativi, sulla Vostra disponibilit\u00e0 collaborare: per definire e sviluppare nuove prospettive, per trovare soluzioni<\/p>\n","protected":false},"author":1,"featured_media":0,"parent":0,"menu_order":20,"comment_status":"closed","ping_status":"closed","template":"","meta":{"footnotes":""},"class_list":["post-81","page","type-page","status-publish","hentry"],"translation":{"provider":"WPGlobus","version":"3.0.1","language":"it","enabled_languages":["de","it"],"languages":{"de":{"title":true,"content":true,"excerpt":false},"it":{"title":true,"content":true,"excerpt":false}}},"aioseo_notices":[],"_links":{"self":[{"href":"https:\/\/asimon-online.de\/it\/wp-json\/wp\/v2\/pages\/81","targetHints":{"allow":["GET"]}}],"collection":[{"href":"https:\/\/asimon-online.de\/it\/wp-json\/wp\/v2\/pages"}],"about":[{"href":"https:\/\/asimon-online.de\/it\/wp-json\/wp\/v2\/types\/page"}],"author":[{"embeddable":true,"href":"https:\/\/asimon-online.de\/it\/wp-json\/wp\/v2\/users\/1"}],"replies":[{"embeddable":true,"href":"https:\/\/asimon-online.de\/it\/wp-json\/wp\/v2\/comments?post=81"}],"version-history":[{"count":21,"href":"https:\/\/asimon-online.de\/it\/wp-json\/wp\/v2\/pages\/81\/revisions"}],"predecessor-version":[{"id":313,"href":"https:\/\/asimon-online.de\/it\/wp-json\/wp\/v2\/pages\/81\/revisions\/313"}],"wp:attachment":[{"href":"https:\/\/asimon-online.de\/it\/wp-json\/wp\/v2\/media?parent=81"}],"curies":[{"name":"wp","href":"https:\/\/api.w.org\/{rel}","templated":true}]}}