{"id":106,"date":"2020-01-20T14:26:31","date_gmt":"2020-01-20T14:26:31","guid":{"rendered":"http:\/\/asimon-online.de\/?page_id=106"},"modified":"2020-09-26T13:39:57","modified_gmt":"2020-09-26T13:39:57","slug":"impressum","status":"publish","type":"page","link":"https:\/\/asimon-online.de\/it\/impressum","title":{"rendered":"Impressum"},"content":{"rendered":"\n<p>Andrea Simon<br>Hackerstra\u00dfe 22 | 12163 Berlino<br>email@asimon-online.de<br>Responsabile dei contenuti secondo \u00a7 10 paragrafo 3 MDStV: Andrea Simon<br>Copyright \u00a9 Andrea Simon, Berlino 2020<\/p>\n\n\n\n<p>Foto: \u00a9 Andrea Simon<br>Foto pagina iniziale: \u00a9 Metin Yilmaz<br>Foto pagina del \u2018profilo\u2019: \u00a9 Phineo<br>WordPress Theme: Spacious von ThemeGrill<br><strong>Web design e realizzazione tecnica:<\/strong><br>Rotraud Flindt<\/p>\n\n\n\n<p><strong>Esclusione di responsabilit\u00e0<\/strong><br>Il download di pagine html, immagini e documenti PDF dall&#8217;offerta online di Andrea Simon \u00e8 a vostro rischio e pericolo. \u00c8 esclusa la responsabilit\u00e0 per danni e riduzioni di valore. \u00c8 esclusa una richiesta di risarcimento danni, cos\u00ec come per danni conseguenti di qualsiasi tipo. Non si assume alcuna responsabilit\u00e0 per l&#8217;accuratezza delle pubblicazioni e dei link a siti esterni. Andrea Simon non si assume alcuna responsabilit\u00e0 e non \u00e8 responsabile del contenuto delle pagine collegate. Per il contenuto delle pagine collegate sono responsabili esclusivamente i gestori di queste pagine. Se cliccate su un link esterno, un link per il download o altri link, lo fate a vostro rischio e pericolo.<\/p>\n\n\n\n<p>Tradotto con www.DeepL.com\/Translator (versione gratuita)<\/p>\n","protected":false},"excerpt":{"rendered":"<p>Andrea SimonHackerstra\u00dfe 22 | 12163 Berlinoemail@asimon-online.deResponsabile dei contenuti secondo \u00a7 10 paragrafo 3 MDStV: Andrea SimonCopyright \u00a9 Andrea Simon, Berlino 2020 Foto: \u00a9 Andrea SimonFoto pagina iniziale: \u00a9 Metin YilmazFoto pagina del \u2018profilo\u2019: \u00a9 PhineoWordPress Theme: Spacious von ThemeGrillWeb design<\/p>\n","protected":false},"author":1,"featured_media":0,"parent":0,"menu_order":60,"comment_status":"closed","ping_status":"closed","template":"","meta":{"footnotes":""},"class_list":["post-106","page","type-page","status-publish","hentry"],"translation":{"provider":"WPGlobus","version":"3.0.1","language":"it","enabled_languages":["de","it"],"languages":{"de":{"title":true,"content":true,"excerpt":false},"it":{"title":true,"content":true,"excerpt":false}}},"aioseo_notices":[],"_links":{"self":[{"href":"https:\/\/asimon-online.de\/it\/wp-json\/wp\/v2\/pages\/106","targetHints":{"allow":["GET"]}}],"collection":[{"href":"https:\/\/asimon-online.de\/it\/wp-json\/wp\/v2\/pages"}],"about":[{"href":"https:\/\/asimon-online.de\/it\/wp-json\/wp\/v2\/types\/page"}],"author":[{"embeddable":true,"href":"https:\/\/asimon-online.de\/it\/wp-json\/wp\/v2\/users\/1"}],"replies":[{"embeddable":true,"href":"https:\/\/asimon-online.de\/it\/wp-json\/wp\/v2\/comments?post=106"}],"version-history":[{"count":7,"href":"https:\/\/asimon-online.de\/it\/wp-json\/wp\/v2\/pages\/106\/revisions"}],"predecessor-version":[{"id":277,"href":"https:\/\/asimon-online.de\/it\/wp-json\/wp\/v2\/pages\/106\/revisions\/277"}],"wp:attachment":[{"href":"https:\/\/asimon-online.de\/it\/wp-json\/wp\/v2\/media?parent=106"}],"curies":[{"name":"wp","href":"https:\/\/api.w.org\/{rel}","templated":true}]}}